{"id":524,"date":"2025-05-22T11:31:29","date_gmt":"2025-05-22T09:31:29","guid":{"rendered":"https:\/\/www.camping-du-jaunay.com\/?page_id=524"},"modified":"2025-06-10T16:24:06","modified_gmt":"2025-06-10T14:24:06","slug":"the-marsh-canoes","status":"publish","type":"page","link":"https:\/\/www.camping-du-jaunay.com\/en\/cote-loisirs\/les-canoes-du-marais\/","title":{"rendered":"Les Cano\u00ebs du Marais"},"content":{"rendered":"<div class=\"wp-block-stackable-columns alignfull stk-block-columns stk-block stk-dcaf06b\" data-block-id=\"dcaf06b\"><style>.stk-dcaf06b .stk--block-align-dcaf06b{align-items:center !important;}.stk-dcaf06b {padding-right:50px !important;padding-left:50px !important;margin-bottom:-125px !important;}@media screen and (max-width: 767px){.stk-dcaf06b {padding-right:15px !important;padding-left:15px !important;}}<\/style><div class=\"stk-row stk-inner-blocks stk--block-align-dcaf06b stk-block-content stk-content-align stk-dcaf06b-column alignwide\">\n<div class=\"wp-block-stackable-column stk-block-column stk-column stk-block stk-0e7cd08\" data-v=\"4\" data-block-id=\"0e7cd08\"><div class=\"stk-column-wrapper stk-block-column__content stk-container stk-0e7cd08-container stk--no-background stk--no-padding\"><div class=\"stk-block-content stk-inner-blocks stk-0e7cd08-inner-blocks\">\n<div class=\"wp-block-stackable-columns stk-block-columns stk-block stk-dff24c1\" data-block-id=\"dff24c1\"><div class=\"stk-row stk-inner-blocks stk-block-content stk-content-align stk-dff24c1-column\">\n<div class=\"wp-block-stackable-column stk-block-column stk-column stk-block stk-880b009\" data-v=\"4\" data-block-id=\"880b009\"><div class=\"stk-column-wrapper stk-block-column__content stk-container stk-880b009-container stk--no-background stk--no-padding\"><div class=\"stk-block-content stk-inner-blocks stk-880b009-inner-blocks\">\n<div class=\"wp-block-stackable-image stk-block-image stk-block stk-310af72\" data-block-id=\"310af72\"><style>.stk-310af72 {box-shadow:2px 2px 6px 0px #0000008f !important;}.stk-310af72 .stk-img-wrapper{width:100% !important;height:500px !important;}@media screen and (max-width: 767px){.stk-310af72 .stk-img-wrapper{height:250px !important;}}<\/style><figure><span class=\"stk-img-wrapper stk-image--shape-stretch\"><img loading=\"lazy\" decoding=\"async\" class=\"stk-img wp-image-528\" src=\"https:\/\/www.camping-du-jaunay.com\/wp-content\/uploads\/2025\/05\/CanoesduMarais-Givrand28.jpg\" width=\"1500\" height=\"1000\" alt=\"the marsh canoes on the edge of the campsite in the Vend\u00e9e\" srcset=\"https:\/\/www.camping-du-jaunay.com\/wp-content\/uploads\/2025\/05\/CanoesduMarais-Givrand28.jpg 1500w, https:\/\/www.camping-du-jaunay.com\/wp-content\/uploads\/2025\/05\/CanoesduMarais-Givrand28-300x200.jpg 300w, https:\/\/www.camping-du-jaunay.com\/wp-content\/uploads\/2025\/05\/CanoesduMarais-Givrand28-1024x683.jpg 1024w, https:\/\/www.camping-du-jaunay.com\/wp-content\/uploads\/2025\/05\/CanoesduMarais-Givrand28-768x512.jpg 768w, https:\/\/www.camping-du-jaunay.com\/wp-content\/uploads\/2025\/05\/CanoesduMarais-Givrand28-500x333.jpg 500w, https:\/\/www.camping-du-jaunay.com\/wp-content\/uploads\/2025\/05\/CanoesduMarais-Givrand28-800x533.jpg 800w, https:\/\/www.camping-du-jaunay.com\/wp-content\/uploads\/2025\/05\/CanoesduMarais-Givrand28-1280x853.jpg 1280w\" sizes=\"auto, (max-width: 1500px) 100vw, 1500px\" \/><\/span><\/figure><\/div>\n<\/div><\/div><\/div>\n\n\n\n<div class=\"wp-block-stackable-column stk-block-column stk-column stk-block stk-7985c0d\" data-v=\"4\" data-block-id=\"7985c0d\"><div class=\"stk-column-wrapper stk-block-column__content stk-container stk-7985c0d-container stk--no-background stk--no-padding\"><div class=\"stk-block-content stk-inner-blocks stk-7985c0d-inner-blocks\">\n<div class=\"wp-block-stackable-image stk-block-image stk-block stk-ac0e18c\" data-block-id=\"ac0e18c\"><style>.stk-ac0e18c {box-shadow:2px 2px 6px 0px #0000008f !important;}.stk-ac0e18c .stk-img-wrapper{width:100% !important;height:500px !important;}@media screen and (max-width: 767px){.stk-ac0e18c .stk-img-wrapper{height:250px !important;}}<\/style><figure><span class=\"stk-img-wrapper stk-image--shape-stretch\"><img loading=\"lazy\" decoding=\"async\" class=\"stk-img wp-image-530\" src=\"https:\/\/www.camping-du-jaunay.com\/wp-content\/uploads\/2025\/05\/CanoesduMarais-Givrand17.jpg\" width=\"1500\" height=\"1000\" alt=\"the marsh canoes on the edge of the campsite in the Vend\u00e9e\" srcset=\"https:\/\/www.camping-du-jaunay.com\/wp-content\/uploads\/2025\/05\/CanoesduMarais-Givrand17.jpg 1500w, https:\/\/www.camping-du-jaunay.com\/wp-content\/uploads\/2025\/05\/CanoesduMarais-Givrand17-300x200.jpg 300w, https:\/\/www.camping-du-jaunay.com\/wp-content\/uploads\/2025\/05\/CanoesduMarais-Givrand17-1024x683.jpg 1024w, https:\/\/www.camping-du-jaunay.com\/wp-content\/uploads\/2025\/05\/CanoesduMarais-Givrand17-768x512.jpg 768w, https:\/\/www.camping-du-jaunay.com\/wp-content\/uploads\/2025\/05\/CanoesduMarais-Givrand17-500x333.jpg 500w, https:\/\/www.camping-du-jaunay.com\/wp-content\/uploads\/2025\/05\/CanoesduMarais-Givrand17-800x533.jpg 800w, https:\/\/www.camping-du-jaunay.com\/wp-content\/uploads\/2025\/05\/CanoesduMarais-Givrand17-1280x853.jpg 1280w\" sizes=\"auto, (max-width: 1500px) 100vw, 1500px\" \/><\/span><\/figure><\/div>\n<\/div><\/div><\/div>\n<\/div><\/div>\n<\/div><\/div><\/div>\n\n\n\n<div class=\"wp-block-stackable-column stk-block-column stk-column stk-block stk-123a3ae\" data-v=\"4\" data-block-id=\"123a3ae\"><div class=\"stk-column-wrapper stk-block-column__content stk-container stk-123a3ae-container stk--no-background stk--no-padding\"><div class=\"stk-block-content stk-inner-blocks stk-123a3ae-inner-blocks\">\n<div class=\"wp-block-stackable-text stk-block-text stk-block stk-e2031a2\" data-block-id=\"e2031a2\"><style>.stk-e2031a2 .stk-block-text__text{font-size:1rem !important;}@media screen and (max-width: 1023px){.stk-e2031a2 .stk-block-text__text{font-size:1rem !important;}}<\/style><p class=\"stk-block-text__text translation-block\">Looking for total immersion in unspoilt, authentic countryside, just a short walk from your campsite? Then look no further! <strong>Les Cano\u00ebs du Marais<\/strong>, located in Givrand, invite you to an unforgettable experience on the River Jaunay. Forget the stress of everyday life and embark on an aquatic adventure where time seems to suspend its flight.<\/p><\/div>\n\n\n\n<div class=\"wp-block-stackable-text stk-block-text stk-block stk-f79eb4c\" data-block-id=\"f79eb4c\"><style>.stk-f79eb4c .stk-block-text__text{font-size:1rem !important;}@media screen and (max-width: 1023px){.stk-f79eb4c .stk-block-text__text{font-size:1rem !important;}}<\/style><p class=\"stk-block-text__text\">At Cano\u00ebs du Marais, you can choose your craft: canoes, kayaks, paddles or pedalos. Glide silently along the calm, safe waters of the Jaunay, to the rhythm of your paddle, and discover exceptional flora and fauna. The river, lined with lush vegetation, creates an idyllic setting for a refreshing escape.<\/p><\/div>\n<\/div><\/div><\/div>\n<\/div><\/div>\n\n\n\n<div class=\"wp-block-stackable-image alignfull stk-block-image stk-block stk-248b9fb\" data-block-id=\"248b9fb\"><style>.stk-248b9fb {margin-top:-85px !important;top:-20px !important;z-index:0 !important;}@media screen and (max-width: 767px){.stk-248b9fb {margin-top:149px !important;}}<\/style><figure><span class=\"stk-img-wrapper stk-image--shape-stretch\"><img alt=\"Campsite decor\" loading=\"lazy\" decoding=\"async\" class=\"stk-img wp-image-186\" src=\"https:\/\/www.camping-du-jaunay.com\/wp-content\/uploads\/2025\/05\/Group-23.png\" width=\"1728\" height=\"273\" srcset=\"https:\/\/www.camping-du-jaunay.com\/wp-content\/uploads\/2025\/05\/Group-23.png 1728w, https:\/\/www.camping-du-jaunay.com\/wp-content\/uploads\/2025\/05\/Group-23-300x47.png 300w, https:\/\/www.camping-du-jaunay.com\/wp-content\/uploads\/2025\/05\/Group-23-1024x162.png 1024w, https:\/\/www.camping-du-jaunay.com\/wp-content\/uploads\/2025\/05\/Group-23-768x121.png 768w, https:\/\/www.camping-du-jaunay.com\/wp-content\/uploads\/2025\/05\/Group-23-1536x243.png 1536w\" sizes=\"auto, (max-width: 1728px) 100vw, 1728px\" \/><\/span><\/figure><\/div>\n\n\n\n<div class=\"wp-block-stackable-columns alignfull stk-block-columns stk-block stk-d638723\" data-block-id=\"d638723\"><style>.stk-d638723 .stk--block-align-d638723{align-items:flex-end !important;}.stk-d638723 {margin-top:-46px !important;margin-bottom:50px !important;}@media screen and (max-width: 767px){.stk-d638723 {margin-top:0px !important;}}<\/style><div class=\"stk-row stk-inner-blocks stk--block-align-d638723 stk-block-content stk-content-align stk-d638723-column alignwide\">\n<div class=\"wp-block-stackable-column stk-block-column stk-column stk-block stk-828e56c\" data-v=\"4\" data-block-id=\"828e56c\"><div class=\"stk-column-wrapper stk-block-column__content stk-container stk-828e56c-container stk--no-background stk--no-padding\"><div class=\"stk-block-content stk-inner-blocks stk-828e56c-inner-blocks\">\n<div class=\"wp-block-stackable-text stk-block-text stk-block stk-cf187f5\" id=\"decouvrez-les-charmes\" data-block-id=\"cf187f5\"><style>.stk-cf187f5 {margin-bottom:0px !important;}.stk-cf187f5 .stk-block-text__text{font-size:1.8rem !important;font-weight:500 !important;text-transform:uppercase !important;font-family:\"Inter\", Sans-serif !important;}@media screen and (max-width: 1023px){.stk-cf187f5 .stk-block-text__text{font-size:1.8rem !important;}}<\/style><p class=\"stk-block-text__text\">The routes <\/p><\/div>\n\n\n\n<div class=\"wp-block-stackable-text stk-block-text stk-block stk-f01fc2b\" data-block-id=\"f01fc2b\"><style>.stk-f01fc2b .stk-block-text__text{font-size:1rem !important;}@media screen and (max-width: 1023px){.stk-f01fc2b .stk-block-text__text{font-size:1rem !important;}}<\/style><p class=\"stk-block-text__text\">Whether you're with family, friends or as a couple, the trip is accessible to everyone. Les Cano\u00ebs du Marais offers a range of packages to suit all tastes:<\/p><\/div>\n\n\n\n<div class=\"wp-block-stackable-icon-list stk-block-icon-list stk-block stk-86807a6\" data-block-id=\"86807a6\"><style>.stk-86807a6 {--stk-icon-list-marker-color:#007a78 !important;--stk-icon-list-icon-size:8px !important;}.stk-86807a6 .stk-block-icon-list-item__content{align-items:baseline !important;}<\/style><svg style=\"display:none\"><defs><g id=\"stk-icon-list__icon-svg-def-86807a6\"><svg xmlns=\"http:\/\/www.w3.org\/2000\/svg\" viewbox=\"0 0 512 512\"><path d=\"M256 512A256 256 0 1 0 256 0a256 256 0 1 0 0 512z\"\/><\/svg><\/g><\/defs><\/svg><ul class=\"stk-block-icon-list__ul stk-block-icon-list--column\">\n<li class=\"wp-block-stackable-icon-list-item stk-block-icon-list-item stk-block stk-b269128\" data-block-id=\"b269128\"><style>.stk-b269128 .stk-block-icon-list-item__text{font-size:1rem !important;}@media screen and (max-width: 1023px){.stk-b269128 .stk-block-icon-list-item__text{font-size:1rem !important;}}<\/style><div class=\"stk-block-icon-list-item__content\"><span class=\"stk--svg-wrapper\"><div class=\"stk--inner-svg\"><svg aria-hidden=\"true\" width=\"32\" height=\"32\"><use xlink:href=\"#stk-icon-list__icon-svg-def-86807a6\"><\/use><\/svg><\/div><\/span><span class=\"stk-block-icon-list-item__text\">Discovery trail (1 hr \/ 4 km): Ideal for a first approach.<\/span><\/div><\/li>\n\n\n\n<li class=\"wp-block-stackable-icon-list-item stk-block-icon-list-item stk-block stk-6be6743\" data-block-id=\"6be6743\"><style>.stk-6be6743 .stk-block-icon-list-item__text{font-size:1rem !important;}@media screen and (max-width: 1023px){.stk-6be6743 .stk-block-icon-list-item__text{font-size:1rem !important;}}<\/style><div class=\"stk-block-icon-list-item__content\"><span class=\"stk--svg-wrapper\"><div class=\"stk--inner-svg\"><svg aria-hidden=\"true\" width=\"32\" height=\"32\"><use xlink:href=\"#stk-icon-list__icon-svg-def-86807a6\"><\/use><\/svg><\/div><\/span><span class=\"stk-block-icon-list-item__text\">Escape route (2h \/ 8 km): For a deeper immersion experience.<\/span><\/div><\/li>\n\n\n\n<li class=\"wp-block-stackable-icon-list-item stk-block-icon-list-item stk-block stk-19a6c6a\" data-block-id=\"19a6c6a\"><style>.stk-19a6c6a .stk-block-icon-list-item__text{font-size:1rem !important;}@media screen and (max-width: 1023px){.stk-19a6c6a .stk-block-icon-list-item__text{font-size:1rem !important;}}<\/style><div class=\"stk-block-icon-list-item__content\"><span class=\"stk--svg-wrapper\"><div class=\"stk--inner-svg\"><svg aria-hidden=\"true\" width=\"32\" height=\"32\"><use xlink:href=\"#stk-icon-list__icon-svg-def-86807a6\"><\/use><\/svg><\/div><\/span><span class=\"stk-block-icon-list-item__text\">Night-time excursion (4h \/ 8 km): A unique experience with a 2-hour stopover in Saint-Gilles-Croix-de-Vie, allowing you to enjoy the market, beaches, port and restaurants, before a magical return under the stars.<\/span><\/div><\/li>\n<\/ul><\/div>\n\n\n\n<div class=\"wp-block-stackable-text stk-block-text stk-block stk-e534f04\" data-block-id=\"e534f04\"><style>.stk-e534f04 .stk-block-text__text{font-size:1rem !important;}@media screen and (max-width: 1023px){.stk-e534f04 .stk-block-text__text{font-size:1rem !important;}}<\/style><p class=\"stk-block-text__text translation-block\">Les Cano\u00ebs du Marais is the promise of an enchanted and memorable break just a few minutes from Camping du Jaunay. Pack your picnic, get on board and let yourself be carried away by the magic of the place! This is a must-do activity to round off your stay in the Vend\u00e9e perfectly.<\/p><\/div>\n\n\n\n<div class=\"wp-block-stackable-text stk-block-text stk-block stk-a3d9b82\" data-block-id=\"a3d9b82\"><style>.stk-a3d9b82 .stk-block-text__text{font-size:0.7rem !important;}@media screen and (max-width: 1023px){.stk-a3d9b82 .stk-block-text__text{font-size:0.7rem !important;}}<\/style><p class=\"stk-block-text__text\"><em>Simon Bourcier\/Vend\u00e9e Expansion<\/em><\/p><\/div>\n<\/div><\/div><\/div>\n\n\n\n<div class=\"wp-block-stackable-column stk-block-column stk-column stk-block stk-8d008e1\" data-v=\"4\" data-block-id=\"8d008e1\"><div class=\"stk-column-wrapper stk-block-column__content stk-container stk-8d008e1-container stk--no-background stk--no-padding\"><div class=\"stk-block-content stk-inner-blocks stk-8d008e1-inner-blocks\">\n<div class=\"wp-block-stackable-columns stk-block-columns stk-block stk-f6f2f76\" data-block-id=\"f6f2f76\"><div class=\"stk-row stk-inner-blocks stk-block-content stk-content-align stk-f6f2f76-column\">\n<div class=\"wp-block-stackable-column stk-block-column stk-column stk-block stk-69d8007\" data-v=\"4\" data-block-id=\"69d8007\"><div class=\"stk-column-wrapper stk-block-column__content stk-container stk-69d8007-container stk--no-background stk--no-padding\"><div class=\"stk-block-content stk-inner-blocks stk-69d8007-inner-blocks\">\n<div class=\"wp-block-stackable-image stk-block-image stk-block stk-22d549d\" data-block-id=\"22d549d\"><style>.stk-22d549d {box-shadow:2px 2px 6px 0px #00000085 !important;margin-top:-85px !important;}.stk-22d549d .stk-img-wrapper{width:100% !important;height:550px !important;}@media screen and (max-width: 767px){.stk-22d549d {margin-top:0px !important;}.stk-22d549d .stk-img-wrapper{height:250px !important;}}<\/style><figure><span class=\"stk-img-wrapper stk-image--shape-stretch\"><img loading=\"lazy\" decoding=\"async\" class=\"stk-img wp-image-531\" src=\"https:\/\/www.camping-du-jaunay.com\/wp-content\/uploads\/2025\/05\/CanoesduMarais-Givrand13.jpg\" width=\"1500\" height=\"1000\" alt=\"the marsh canoes on the edge of the campsite in the Vend\u00e9e\" srcset=\"https:\/\/www.camping-du-jaunay.com\/wp-content\/uploads\/2025\/05\/CanoesduMarais-Givrand13.jpg 1500w, https:\/\/www.camping-du-jaunay.com\/wp-content\/uploads\/2025\/05\/CanoesduMarais-Givrand13-300x200.jpg 300w, https:\/\/www.camping-du-jaunay.com\/wp-content\/uploads\/2025\/05\/CanoesduMarais-Givrand13-1024x683.jpg 1024w, https:\/\/www.camping-du-jaunay.com\/wp-content\/uploads\/2025\/05\/CanoesduMarais-Givrand13-768x512.jpg 768w, https:\/\/www.camping-du-jaunay.com\/wp-content\/uploads\/2025\/05\/CanoesduMarais-Givrand13-500x333.jpg 500w, https:\/\/www.camping-du-jaunay.com\/wp-content\/uploads\/2025\/05\/CanoesduMarais-Givrand13-800x533.jpg 800w, https:\/\/www.camping-du-jaunay.com\/wp-content\/uploads\/2025\/05\/CanoesduMarais-Givrand13-1280x853.jpg 1280w\" sizes=\"auto, (max-width: 1500px) 100vw, 1500px\" \/><\/span><\/figure><\/div>\n<\/div><\/div><\/div>\n<\/div><\/div>\n<\/div><\/div><\/div>\n<\/div><\/div>","protected":false},"excerpt":{"rendered":"<p>Envie d&rsquo;une immersion totale au c\u0153ur d&rsquo;une nature pr\u00e9serv\u00e9e et authentique, \u00e0 seulement quelques pas de votre camping ? Ne cherchez plus ! Les Cano\u00ebs du Marais, situ\u00e9s \u00e0 Givrand, vous invitent \u00e0 une exp\u00e9rience inoubliable sur la rivi\u00e8re du Jaunay. Oubliez le stress du quotidien et embarquez pour une aventure aquatique o\u00f9 le temps [&hellip;]<\/p>\n","protected":false},"author":1,"featured_media":529,"parent":481,"menu_order":0,"comment_status":"closed","ping_status":"closed","template":"","meta":{"_acf_changed":false,"_seopress_robots_primary_cat":"","_seopress_titles_title":"Les Cano\u00ebs du Marais - Camping Le Jaunay","_seopress_titles_desc":"Les Cano\u00ebs du Marais se trouve \u00e0 deux pas du camping le Jaunay. Embarquez sur un cano\u00e9 sur la rivi\u00e8re du Jaunay, au pied du camping.","_seopress_robots_index":"","_vp_format_video_url":"","_vp_image_focal_point":[],"footnotes":""},"class_list":["post-524","page","type-page","status-publish","has-post-thumbnail","hentry"],"acf":[],"_links":{"self":[{"href":"https:\/\/www.camping-du-jaunay.com\/en\/wp-json\/wp\/v2\/pages\/524","targetHints":{"allow":["GET"]}}],"collection":[{"href":"https:\/\/www.camping-du-jaunay.com\/en\/wp-json\/wp\/v2\/pages"}],"about":[{"href":"https:\/\/www.camping-du-jaunay.com\/en\/wp-json\/wp\/v2\/types\/page"}],"author":[{"embeddable":true,"href":"https:\/\/www.camping-du-jaunay.com\/en\/wp-json\/wp\/v2\/users\/1"}],"replies":[{"embeddable":true,"href":"https:\/\/www.camping-du-jaunay.com\/en\/wp-json\/wp\/v2\/comments?post=524"}],"version-history":[{"count":5,"href":"https:\/\/www.camping-du-jaunay.com\/en\/wp-json\/wp\/v2\/pages\/524\/revisions"}],"predecessor-version":[{"id":1053,"href":"https:\/\/www.camping-du-jaunay.com\/en\/wp-json\/wp\/v2\/pages\/524\/revisions\/1053"}],"up":[{"embeddable":true,"href":"https:\/\/www.camping-du-jaunay.com\/en\/wp-json\/wp\/v2\/pages\/481"}],"wp:featuredmedia":[{"embeddable":true,"href":"https:\/\/www.camping-du-jaunay.com\/en\/wp-json\/wp\/v2\/media\/529"}],"wp:attachment":[{"href":"https:\/\/www.camping-du-jaunay.com\/en\/wp-json\/wp\/v2\/media?parent=524"}],"curies":[{"name":"wp","href":"https:\/\/api.w.org\/{rel}","templated":true}]}}