{"id":651,"date":"2025-05-23T09:52:19","date_gmt":"2025-05-23T07:52:19","guid":{"rendered":"https:\/\/www.camping-du-jaunay.com\/?page_id=651"},"modified":"2025-06-10T16:18:48","modified_gmt":"2025-06-10T14:18:48","slug":"water-parks-vendee","status":"publish","type":"page","link":"https:\/\/www.camping-du-jaunay.com\/en\/cote-loisirs\/parcs-aquatiques-vendee\/","title":{"rendered":"Water parks"},"content":{"rendered":"<div class=\"wp-block-stackable-columns alignfull stk-block-columns stk-block stk-dcaf06b\" data-block-id=\"dcaf06b\"><style>.stk-dcaf06b .stk--block-align-dcaf06b{align-items:center !important;}.stk-dcaf06b {padding-right:50px !important;padding-left:50px !important;margin-bottom:-125px !important;}@media screen and (max-width: 767px){.stk-dcaf06b {padding-right:15px !important;padding-left:15px !important;margin-bottom:0px !important;}}<\/style><div class=\"stk-row stk-inner-blocks stk--block-align-dcaf06b stk-block-content stk-content-align stk-dcaf06b-column alignwide\">\n<div class=\"wp-block-stackable-column stk-block-column stk-column stk-block stk-0e7cd08\" data-v=\"4\" data-block-id=\"0e7cd08\"><div class=\"stk-column-wrapper stk-block-column__content stk-container stk-0e7cd08-container stk--no-background stk--no-padding\"><div class=\"stk-block-content stk-inner-blocks stk-0e7cd08-inner-blocks\">\n<div class=\"wp-block-stackable-columns stk-block-columns stk-block stk-dff24c1\" data-block-id=\"dff24c1\"><div class=\"stk-row stk-inner-blocks stk-block-content stk-content-align stk-dff24c1-column\">\n<div class=\"wp-block-stackable-column stk-block-column stk-column stk-block stk-880b009\" data-v=\"4\" data-block-id=\"880b009\"><div class=\"stk-column-wrapper stk-block-column__content stk-container stk-880b009-container stk--no-background stk--no-padding\"><div class=\"stk-block-content stk-inner-blocks stk-880b009-inner-blocks\">\n<div class=\"wp-block-stackable-image stk-block-image stk-block stk-310af72\" data-block-id=\"310af72\"><style>.stk-310af72 {box-shadow:2px 2px 6px 0px #0000008f !important;}.stk-310af72 .stk-img-wrapper{width:100% !important;height:500px !important;}@media screen and (max-width: 767px){.stk-310af72 .stk-img-wrapper{height:250px !important;}}<\/style><figure><span class=\"stk-img-wrapper stk-image--shape-stretch\"><img loading=\"lazy\" decoding=\"async\" class=\"stk-img wp-image-655\" src=\"https:\/\/www.camping-du-jaunay.com\/wp-content\/uploads\/2025\/05\/1008x646_ogliss-park-moutiers-mauxfaits-vendee-1000-px.jpg\" width=\"749\" height=\"480\" alt=\"campsite near water park vend\u00e9e\" srcset=\"https:\/\/www.camping-du-jaunay.com\/wp-content\/uploads\/2025\/05\/1008x646_ogliss-park-moutiers-mauxfaits-vendee-1000-px.jpg 749w, https:\/\/www.camping-du-jaunay.com\/wp-content\/uploads\/2025\/05\/1008x646_ogliss-park-moutiers-mauxfaits-vendee-1000-px-300x192.jpg 300w, https:\/\/www.camping-du-jaunay.com\/wp-content\/uploads\/2025\/05\/1008x646_ogliss-park-moutiers-mauxfaits-vendee-1000-px-500x320.jpg 500w\" sizes=\"auto, (max-width: 749px) 100vw, 749px\" \/><\/span><\/figure><\/div>\n<\/div><\/div><\/div>\n\n\n\n<div class=\"wp-block-stackable-column stk-block-column stk-column stk-block stk-7985c0d\" data-v=\"4\" data-block-id=\"7985c0d\"><div class=\"stk-column-wrapper stk-block-column__content stk-container stk-7985c0d-container stk--no-background stk--no-padding\"><div class=\"stk-block-content stk-inner-blocks stk-7985c0d-inner-blocks\">\n<div class=\"wp-block-stackable-image stk-block-image stk-block stk-ac0e18c\" data-block-id=\"ac0e18c\"><style>.stk-ac0e18c {box-shadow:2px 2px 6px 0px #0000008f !important;}.stk-ac0e18c .stk-img-wrapper{width:100% !important;height:500px !important;}@media screen and (max-width: 767px){.stk-ac0e18c .stk-img-wrapper{height:250px !important;}}<\/style><figure><span class=\"stk-img-wrapper stk-image--shape-stretch\"><img loading=\"lazy\" decoding=\"async\" class=\"stk-img wp-image-654\" src=\"https:\/\/www.camping-du-jaunay.com\/wp-content\/uploads\/2025\/05\/le-ptit-kamikaze-o-gliss-park-1000-px.jpg\" width=\"853\" height=\"480\" alt=\"campsite near noirmoutier in the Vend\u00e9e\" srcset=\"https:\/\/www.camping-du-jaunay.com\/wp-content\/uploads\/2025\/05\/le-ptit-kamikaze-o-gliss-park-1000-px.jpg 853w, https:\/\/www.camping-du-jaunay.com\/wp-content\/uploads\/2025\/05\/le-ptit-kamikaze-o-gliss-park-1000-px-300x169.jpg 300w, https:\/\/www.camping-du-jaunay.com\/wp-content\/uploads\/2025\/05\/le-ptit-kamikaze-o-gliss-park-1000-px-768x432.jpg 768w, https:\/\/www.camping-du-jaunay.com\/wp-content\/uploads\/2025\/05\/le-ptit-kamikaze-o-gliss-park-1000-px-500x281.jpg 500w, https:\/\/www.camping-du-jaunay.com\/wp-content\/uploads\/2025\/05\/le-ptit-kamikaze-o-gliss-park-1000-px-800x450.jpg 800w\" sizes=\"auto, (max-width: 853px) 100vw, 853px\" \/><\/span><\/figure><\/div>\n<\/div><\/div><\/div>\n<\/div><\/div>\n<\/div><\/div><\/div>\n\n\n\n<div class=\"wp-block-stackable-column stk-block-column stk-column stk-block stk-123a3ae\" data-v=\"4\" data-block-id=\"123a3ae\"><div class=\"stk-column-wrapper stk-block-column__content stk-container stk-123a3ae-container stk--no-background stk--no-padding\"><div class=\"stk-block-content stk-inner-blocks stk-123a3ae-inner-blocks\">\n<div class=\"wp-block-stackable-heading stk-block-heading stk-block-heading--v2 stk-block stk-cee29b4\" id=\"decouvrez-les-charmes\" data-block-id=\"cee29b4\"><style>.stk-cee29b4 {margin-bottom:15px !important;}.stk-cee29b4 .stk-block-heading__text{font-size:1.8rem !important;font-weight:500 !important;text-transform:uppercase !important;font-family:\"Inter\", Sans-serif !important;}@media screen and (max-width: 1023px){.stk-cee29b4 .stk-block-heading__text{font-size:1.8rem !important;}}<\/style><h2 class=\"stk-block-heading__text\">O'gliss Park - Water park in the Vend\u00e9e<\/h2><\/div>\n\n\n\n<div class=\"wp-block-stackable-text stk-block-text stk-block stk-e2031a2\" data-block-id=\"e2031a2\"><style>.stk-e2031a2 .stk-block-text__text{font-size:1rem !important;}@media screen and (max-width: 1023px){.stk-e2031a2 .stk-block-text__text{font-size:1rem !important;}}<\/style><p class=\"stk-block-text__text translation-block\">Fill up on thrills with family and friends at <strong>O'Gliss Park<\/strong>. This water park offers slides, rivers with buoys, a wave pool, virtual reality rafting and many other attractions for all ages.<\/p><\/div>\n<\/div><\/div><\/div>\n<\/div><\/div>\n\n\n\n<div class=\"wp-block-stackable-image alignfull stk-block-image stk-block stk-248b9fb\" data-block-id=\"248b9fb\"><style>.stk-248b9fb {margin-top:-85px !important;top:-20px !important;z-index:0 !important;}@media screen and (max-width: 767px){.stk-248b9fb {margin-top:22px !important;}}<\/style><figure><span class=\"stk-img-wrapper stk-image--shape-stretch\"><img alt=\"Campsite decor\" loading=\"lazy\" decoding=\"async\" class=\"stk-img wp-image-186\" src=\"https:\/\/www.camping-du-jaunay.com\/wp-content\/uploads\/2025\/05\/Group-23.png\" width=\"1728\" height=\"273\" srcset=\"https:\/\/www.camping-du-jaunay.com\/wp-content\/uploads\/2025\/05\/Group-23.png 1728w, https:\/\/www.camping-du-jaunay.com\/wp-content\/uploads\/2025\/05\/Group-23-300x47.png 300w, https:\/\/www.camping-du-jaunay.com\/wp-content\/uploads\/2025\/05\/Group-23-1024x162.png 1024w, https:\/\/www.camping-du-jaunay.com\/wp-content\/uploads\/2025\/05\/Group-23-768x121.png 768w, https:\/\/www.camping-du-jaunay.com\/wp-content\/uploads\/2025\/05\/Group-23-1536x243.png 1536w\" sizes=\"auto, (max-width: 1728px) 100vw, 1728px\" \/><\/span><\/figure><\/div>\n\n\n\n<div class=\"wp-block-stackable-columns alignfull stk-block-columns stk-block stk-40a9414\" data-block-id=\"40a9414\"><style>.stk-40a9414 .stk--block-align-40a9414{align-items:center !important;}.stk-40a9414 {margin-top:-46px !important;margin-bottom:50px !important;}@media screen and (max-width: 767px){.stk-40a9414 {padding-right:15px !important;padding-left:15px !important;margin-top:0px !important;}}<\/style><div class=\"stk-row stk-inner-blocks stk--block-align-40a9414 stk-block-content stk-content-align stk-40a9414-column alignwide\">\n<div class=\"wp-block-stackable-column stk-block-column stk-column stk-block stk-d6f3aa0\" data-v=\"4\" data-block-id=\"d6f3aa0\"><div class=\"stk-column-wrapper stk-block-column__content stk-container stk-d6f3aa0-container stk--no-background stk--no-padding\"><div class=\"stk-block-content stk-inner-blocks stk-d6f3aa0-inner-blocks\">\n<div class=\"wp-block-stackable-heading stk-block-heading stk-block-heading--v2 stk-block stk-4348660\" id=\"decouvrez-les-charmes\" data-block-id=\"4348660\"><style>.stk-4348660 {margin-bottom:15px !important;}.stk-4348660 .stk-block-heading__text{font-size:1.8rem !important;font-weight:500 !important;text-transform:uppercase !important;font-family:\"Inter\", Sans-serif !important;}@media screen and (max-width: 1023px){.stk-4348660 .stk-block-heading__text{font-size:1.8rem !important;}}<\/style><h2 class=\"stk-block-heading__text\">Atlantic Toboggan<\/h2><\/div>\n\n\n\n<div class=\"wp-block-stackable-text stk-block-text stk-block stk-c200359\" data-block-id=\"c200359\"><style>.stk-c200359 .stk-block-text__text{font-size:1rem !important;}@media screen and (max-width: 1023px){.stk-c200359 .stk-block-text__text{font-size:1rem !important;}}<\/style><p class=\"stk-block-text__text\">Located in Saint-Hilaire-de-Riez, Atlantic Toboggan is a must-see water park for all the family. With its many slides, buoys, heated pools and relaxation areas, it offers guaranteed fun and cool moments. There's something for young and old alike, from thrills to water games, all in a safe and friendly environment.<\/p><\/div>\n<\/div><\/div><\/div>\n\n\n\n<div class=\"wp-block-stackable-column stk-block-column stk-column stk-block stk-172ec5f\" data-v=\"4\" data-block-id=\"172ec5f\"><div class=\"stk-column-wrapper stk-block-column__content stk-container stk-172ec5f-container stk--no-background stk--no-padding\"><div class=\"stk-block-content stk-inner-blocks stk-172ec5f-inner-blocks\">\n<div class=\"wp-block-stackable-columns stk-block-columns stk-block stk-3a800a9\" data-block-id=\"3a800a9\"><div class=\"stk-row stk-inner-blocks stk-block-content stk-content-align stk-3a800a9-column\">\n<div class=\"wp-block-stackable-column stk-block-column stk-column stk-block stk-a64ae70\" data-v=\"4\" data-block-id=\"a64ae70\"><div class=\"stk-column-wrapper stk-block-column__content stk-container stk-a64ae70-container stk--no-background stk--no-padding\"><div class=\"stk-block-content stk-inner-blocks stk-a64ae70-inner-blocks\">\n<div class=\"wp-block-stackable-image stk-block-image stk-block stk-13da7c6\" data-block-id=\"13da7c6\"><style>.stk-13da7c6 {box-shadow:2px 2px 6px 0px #00000085 !important;margin-top:-85px !important;}.stk-13da7c6 .stk-img-wrapper{width:100% !important;height:426px !important;}@media screen and (max-width: 767px){.stk-13da7c6 {margin-top:0px !important;}.stk-13da7c6 .stk-img-wrapper{height:250px !important;}}<\/style><figure><span class=\"stk-img-wrapper stk-image--shape-stretch\"><img loading=\"lazy\" decoding=\"async\" class=\"stk-img wp-image-992\" src=\"https:\/\/www.camping-du-jaunay.com\/wp-content\/uploads\/2025\/06\/2025-01-17.webp\" width=\"1360\" height=\"765\" alt=\"water park \" srcset=\"https:\/\/www.camping-du-jaunay.com\/wp-content\/uploads\/2025\/06\/2025-01-17.webp 1360w, https:\/\/www.camping-du-jaunay.com\/wp-content\/uploads\/2025\/06\/2025-01-17-300x169.webp 300w, https:\/\/www.camping-du-jaunay.com\/wp-content\/uploads\/2025\/06\/2025-01-17-1024x576.webp 1024w, https:\/\/www.camping-du-jaunay.com\/wp-content\/uploads\/2025\/06\/2025-01-17-768x432.webp 768w, https:\/\/www.camping-du-jaunay.com\/wp-content\/uploads\/2025\/06\/2025-01-17-500x281.webp 500w, https:\/\/www.camping-du-jaunay.com\/wp-content\/uploads\/2025\/06\/2025-01-17-800x450.webp 800w, https:\/\/www.camping-du-jaunay.com\/wp-content\/uploads\/2025\/06\/2025-01-17-1280x720.webp 1280w\" sizes=\"auto, (max-width: 1360px) 100vw, 1360px\" \/><\/span><\/figure><\/div>\n<\/div><\/div><\/div>\n<\/div><\/div>\n<\/div><\/div><\/div>\n<\/div><\/div>","protected":false},"excerpt":{"rendered":"<p>O\u2019gliss Park \u2013 Parc aquatique en Vend\u00e9e Faites le plein de sensations en famille ou entre amis \u00e0 O\u2019Gliss Park. Ce parc aquatique propose toboggans, rivi\u00e8res \u00e0 bou\u00e9es, piscine \u00e0 vagues, rafting en r\u00e9alit\u00e9 virtuelle et de nombreuses autres attractions pour tous les \u00e2ges. Atlantic Toboggan Situ\u00e9 \u00e0 Saint-Hilaire-de-Riez, Atlantic Toboggan est un parc aquatique [&hellip;]<\/p>\n","protected":false},"author":1,"featured_media":456,"parent":481,"menu_order":0,"comment_status":"closed","ping_status":"closed","template":"","meta":{"_acf_changed":false,"_seopress_robots_primary_cat":"","_seopress_titles_title":"Parc aquatiques O'Gliss Park en Vend\u00e9e","_seopress_titles_desc":"Ne manquez pas le plus beau parc aquatique de Vend\u00e9e. Toboggans, zone d\u00e9tente, rivi\u00e8re, bou\u00e9es, piscine \u00e0 vagues... Vous allez adorer !","_seopress_robots_index":"","_vp_format_video_url":"","_vp_image_focal_point":[],"footnotes":""},"class_list":["post-651","page","type-page","status-publish","has-post-thumbnail","hentry"],"acf":[],"_links":{"self":[{"href":"https:\/\/www.camping-du-jaunay.com\/en\/wp-json\/wp\/v2\/pages\/651","targetHints":{"allow":["GET"]}}],"collection":[{"href":"https:\/\/www.camping-du-jaunay.com\/en\/wp-json\/wp\/v2\/pages"}],"about":[{"href":"https:\/\/www.camping-du-jaunay.com\/en\/wp-json\/wp\/v2\/types\/page"}],"author":[{"embeddable":true,"href":"https:\/\/www.camping-du-jaunay.com\/en\/wp-json\/wp\/v2\/users\/1"}],"replies":[{"embeddable":true,"href":"https:\/\/www.camping-du-jaunay.com\/en\/wp-json\/wp\/v2\/comments?post=651"}],"version-history":[{"count":8,"href":"https:\/\/www.camping-du-jaunay.com\/en\/wp-json\/wp\/v2\/pages\/651\/revisions"}],"predecessor-version":[{"id":1049,"href":"https:\/\/www.camping-du-jaunay.com\/en\/wp-json\/wp\/v2\/pages\/651\/revisions\/1049"}],"up":[{"embeddable":true,"href":"https:\/\/www.camping-du-jaunay.com\/en\/wp-json\/wp\/v2\/pages\/481"}],"wp:featuredmedia":[{"embeddable":true,"href":"https:\/\/www.camping-du-jaunay.com\/en\/wp-json\/wp\/v2\/media\/456"}],"wp:attachment":[{"href":"https:\/\/www.camping-du-jaunay.com\/en\/wp-json\/wp\/v2\/media?parent=651"}],"curies":[{"name":"wp","href":"https:\/\/api.w.org\/{rel}","templated":true}]}}