{"id":958,"date":"2025-06-10T10:09:34","date_gmt":"2025-06-10T08:09:34","guid":{"rendered":"https:\/\/www.camping-du-jaunay.com\/?page_id=958"},"modified":"2025-06-10T15:42:42","modified_gmt":"2025-06-10T13:42:42","slug":"animaux-acceptes-camping","status":"publish","type":"page","link":"https:\/\/www.camping-du-jaunay.com\/en\/animaux-acceptes-camping\/","title":{"rendered":"Your four-legged friends are welcome at Camping Le Jaunay!"},"content":{"rendered":"<div class=\"wp-block-stackable-columns alignfull stk-block-columns stk-block stk-dcaf06b\" data-block-id=\"dcaf06b\"><style>.stk-dcaf06b .stk--block-align-dcaf06b{align-items:center !important;}.stk-dcaf06b {padding-right:50px !important;padding-left:50px !important;margin-bottom:-125px !important;}.stk-dcaf06b-column{--stk-column-gap:60px !important;}@media screen and (max-width: 767px){.stk-dcaf06b {padding-right:15px !important;padding-left:15px !important;margin-bottom:0px !important;}}<\/style><div class=\"stk-row stk-inner-blocks stk--block-align-dcaf06b stk-block-content stk-content-align stk-dcaf06b-column alignwide\">\n<div class=\"wp-block-stackable-column stk-block-column stk-column stk-block stk-0e7cd08\" data-v=\"4\" data-block-id=\"0e7cd08\"><div class=\"stk-column-wrapper stk-block-column__content stk-container stk-0e7cd08-container stk--no-background stk--no-padding\"><div class=\"stk-block-content stk-inner-blocks stk-0e7cd08-inner-blocks\">\n<div class=\"wp-block-stackable-columns stk-block-columns stk-block stk-dff24c1\" data-block-id=\"dff24c1\"><div class=\"stk-row stk-inner-blocks stk-block-content stk-content-align stk-dff24c1-column\">\n<div class=\"wp-block-stackable-column stk-block-column stk-column stk-block stk-880b009\" data-v=\"4\" data-block-id=\"880b009\"><div class=\"stk-column-wrapper stk-block-column__content stk-container stk-880b009-container stk--no-background stk--no-padding\"><div class=\"stk-block-content stk-inner-blocks stk-880b009-inner-blocks\">\n<div class=\"wp-block-stackable-image stk-block-image stk-block stk-310af72\" data-block-id=\"310af72\"><style>.stk-310af72 {box-shadow:2px 2px 6px 0px #0000008f !important;}.stk-310af72 .stk-img-wrapper{width:100% !important;height:600px !important;}.stk-310af72 .stk-img-wrapper img{object-position:28.999999999999996% 51% !important;}@media screen and (max-width: 767px){.stk-310af72 .stk-img-wrapper{height:250px !important;}}<\/style><figure><span class=\"stk-img-wrapper stk-image--shape-stretch\"><img loading=\"lazy\" decoding=\"async\" class=\"stk-img wp-image-962\" src=\"https:\/\/www.camping-du-jaunay.com\/wp-content\/uploads\/2025\/06\/plage_du_phare_la_tranche_sur_mer_40.jpg\" width=\"667\" height=\"1000\" alt=\"animals accepted\" srcset=\"https:\/\/www.camping-du-jaunay.com\/wp-content\/uploads\/2025\/06\/plage_du_phare_la_tranche_sur_mer_40.jpg 667w, https:\/\/www.camping-du-jaunay.com\/wp-content\/uploads\/2025\/06\/plage_du_phare_la_tranche_sur_mer_40-200x300.jpg 200w, https:\/\/www.camping-du-jaunay.com\/wp-content\/uploads\/2025\/06\/plage_du_phare_la_tranche_sur_mer_40-500x750.jpg 500w\" sizes=\"auto, (max-width: 667px) 100vw, 667px\" \/><\/span><\/figure><\/div>\n<\/div><\/div><\/div>\n\n\n\n<div class=\"wp-block-stackable-column stk-block-column stk-column stk-block stk-7985c0d\" data-v=\"4\" data-block-id=\"7985c0d\"><div class=\"stk-column-wrapper stk-block-column__content stk-container stk-7985c0d-container stk--no-background stk--no-padding\"><div class=\"stk-block-content stk-inner-blocks stk-7985c0d-inner-blocks\">\n<div class=\"wp-block-stackable-image stk-block-image stk-block stk-ac0e18c\" data-block-id=\"ac0e18c\"><style>.stk-ac0e18c {box-shadow:2px 2px 6px 0px #0000008f !important;}.stk-ac0e18c .stk-img-wrapper{width:100% !important;height:600px !important;}.stk-ac0e18c .stk-img-wrapper img{object-position:71% 62% !important;}@media screen and (max-width: 767px){.stk-ac0e18c .stk-img-wrapper{height:250px !important;}}<\/style><figure><span class=\"stk-img-wrapper stk-image--shape-stretch\"><img loading=\"lazy\" decoding=\"async\" class=\"stk-img wp-image-980\" src=\"https:\/\/www.camping-du-jaunay.com\/wp-content\/uploads\/2025\/06\/img_6518_webformat.webp\" width=\"577\" height=\"1024\" alt=\"animals accepted camping\" srcset=\"https:\/\/www.camping-du-jaunay.com\/wp-content\/uploads\/2025\/06\/img_6518_webformat.webp 577w, https:\/\/www.camping-du-jaunay.com\/wp-content\/uploads\/2025\/06\/img_6518_webformat-169x300.webp 169w, https:\/\/www.camping-du-jaunay.com\/wp-content\/uploads\/2025\/06\/img_6518_webformat-500x887.webp 500w\" sizes=\"auto, (max-width: 577px) 100vw, 577px\" \/><\/span><\/figure><\/div>\n<\/div><\/div><\/div>\n<\/div><\/div>\n<\/div><\/div><\/div>\n\n\n\n<div class=\"wp-block-stackable-column stk-block-column stk-column stk-block stk-123a3ae\" data-v=\"4\" data-block-id=\"123a3ae\"><div class=\"stk-column-wrapper stk-block-column__content stk-container stk-123a3ae-container stk--no-background stk--no-padding\"><div class=\"stk-block-content stk-inner-blocks stk-123a3ae-inner-blocks\">\n<div class=\"wp-block-stackable-text stk-block-text stk-block stk-fb6c178\" data-block-id=\"fb6c178\"><style>.stk-fb6c178 {margin-bottom:21px !important;}.stk-fb6c178 .stk-block-text__text{font-size:1rem !important;}@media screen and (max-width: 1023px){.stk-fb6c178 .stk-block-text__text{font-size:1rem !important;}}<\/style><p class=\"stk-block-text__text translation-block\">Because successful holidays are experienced with the whole family, and your faithful companion is an integral part of it, your <strong>animals are warmly welcomed<\/strong> at Camping Le Jaunay! We know how important the well-being of your dog or cat is to you, and it's with pleasure that we welcome them during your stays at <a href=\"https:\/\/www.camping-du-jaunay.com\/en\/camping-saint-gilles-croix-de-vie\/\" data-type=\"page\" data-id=\"312\" target=\"_self\">Saint-Gilles-Croix-de-Vie<\/a>.<\/p><\/div>\n\n\n\n<div class=\"wp-block-stackable-heading stk-block-heading stk-block-heading--v2 stk-block stk-42df01b\" id=\"la-bonne-nouvelle-nos-plages-proches-sont-parfaites-pour-eux\" data-block-id=\"42df01b\"><style>.stk-42df01b {margin-bottom:21px !important;}<\/style><h2 class=\"stk-block-heading__text\">The good news is that our nearby beaches are perfect for them!<\/h2><\/div>\n\n\n\n<div class=\"wp-block-stackable-text stk-block-text stk-block stk-fc8ad7a\" data-block-id=\"fc8ad7a\"><style>.stk-fc8ad7a {margin-bottom:0px !important;}.stk-fc8ad7a .stk-block-text__text{font-size:1rem !important;}@media screen and (max-width: 1023px){.stk-fc8ad7a .stk-block-text__text{font-size:1rem !important;}}<\/style><p class=\"stk-block-text__text\">A major advantage for pet owners: the nearest beaches to Camping Le Jaunay are dog-friendly (Plage du Jaunay and Plage naturiste du Petit Pont)! Imagine long, invigorating walks by the ocean and playing in the sand with your pet. A real treat for all the family.<\/p><\/div>\n<\/div><\/div><\/div>\n<\/div><\/div>\n\n\n\n<div class=\"wp-block-stackable-image alignfull stk-block-image stk-block stk-248b9fb\" data-block-id=\"248b9fb\"><style>.stk-248b9fb {margin-top:-85px !important;top:-20px !important;z-index:0 !important;}@media screen and (max-width: 767px){.stk-248b9fb {margin-top:36px !important;}}<\/style><figure><span class=\"stk-img-wrapper stk-image--shape-stretch\"><img alt=\"Campsite decor\" loading=\"lazy\" decoding=\"async\" class=\"stk-img wp-image-186\" src=\"https:\/\/www.camping-du-jaunay.com\/wp-content\/uploads\/2025\/05\/Group-23.png\" width=\"1728\" height=\"273\" srcset=\"https:\/\/www.camping-du-jaunay.com\/wp-content\/uploads\/2025\/05\/Group-23.png 1728w, https:\/\/www.camping-du-jaunay.com\/wp-content\/uploads\/2025\/05\/Group-23-300x47.png 300w, https:\/\/www.camping-du-jaunay.com\/wp-content\/uploads\/2025\/05\/Group-23-1024x162.png 1024w, https:\/\/www.camping-du-jaunay.com\/wp-content\/uploads\/2025\/05\/Group-23-768x121.png 768w, https:\/\/www.camping-du-jaunay.com\/wp-content\/uploads\/2025\/05\/Group-23-1536x243.png 1536w\" sizes=\"auto, (max-width: 1728px) 100vw, 1728px\" \/><\/span><\/figure><\/div>\n\n\n\n<div class=\"wp-block-stackable-columns alignfull stk-block-columns stk-block stk-d638723\" data-block-id=\"d638723\"><style>.stk-d638723 .stk--block-align-d638723{align-items:flex-end !important;}.stk-d638723 {margin-top:-46px !important;margin-bottom:50px !important;}@media screen and (max-width: 767px){.stk-d638723 {padding-right:15px !important;padding-left:15px !important;margin-top:0px !important;margin-bottom:0px !important;}}<\/style><div class=\"stk-row stk-inner-blocks stk--block-align-d638723 stk-block-content stk-content-align stk-d638723-column alignwide\">\n<div class=\"wp-block-stackable-column stk-block-column stk-column stk-block stk-828e56c\" data-v=\"4\" data-block-id=\"828e56c\"><div class=\"stk-column-wrapper stk-block-column__content stk-container stk-828e56c-container stk--no-background stk--no-padding\"><div class=\"stk-block-content stk-inner-blocks stk-828e56c-inner-blocks\">\n<div class=\"wp-block-stackable-heading stk-block-heading stk-block-heading--v2 stk-block stk-11ad68d\" id=\"pour-des-vacances-sereines-avec-votre-animal\" data-block-id=\"11ad68d\"><h2 class=\"stk-block-heading__text\">For a worry-free holiday with your pet :<\/h2><\/div>\n\n\n\n<div class=\"wp-block-stackable-text stk-block-text stk-block stk-db02a60\" data-block-id=\"db02a60\"><style>.stk-db02a60 {margin-bottom:0px !important;}.stk-db02a60 .stk-block-text__text{font-size:1rem !important;}@media screen and (max-width: 1023px){.stk-db02a60 .stk-block-text__text{font-size:1rem !important;}}<\/style><p class=\"stk-block-text__text\">To ensure that all our holidaymakers enjoy their stay in comfort and safety, we are counting on you to respect a few simple rules:<\/p><\/div>\n\n\n\n<div class=\"wp-block-stackable-icon-list stk-block-icon-list stk-block stk-2e8bbab\" data-block-id=\"2e8bbab\"><style>.stk-2e8bbab {--stk-icon-list-marker-color:#007a78 !important;--stk-icon-list-icon-size:8px !important;}.stk-2e8bbab .stk-block-icon-list-item__content{align-items:baseline !important;}<\/style><svg style=\"display:none\"><defs><g id=\"stk-icon-list__icon-svg-def-2e8bbab\"><svg xmlns=\"http:\/\/www.w3.org\/2000\/svg\" viewbox=\"0 0 512 512\"><path d=\"M256 512A256 256 0 1 0 256 0a256 256 0 1 0 0 512z\"\/><\/svg><\/g><\/defs><\/svg><ul class=\"stk-block-icon-list__ul stk-block-icon-list--column\">\n<li class=\"wp-block-stackable-icon-list-item stk-block-icon-list-item stk-block stk-0745589\" data-block-id=\"0745589\"><style>.stk-0745589 .stk-block-icon-list-item__text{font-size:1rem !important;}@media screen and (max-width: 1023px){.stk-0745589 .stk-block-icon-list-item__text{font-size:1rem !important;}}<\/style><div class=\"stk-block-icon-list-item__content\"><span class=\"stk--svg-wrapper\"><div class=\"stk--inner-svg\"><svg aria-hidden=\"true\" width=\"32\" height=\"32\"><use xlink:href=\"#stk-icon-list__icon-svg-def-2e8bbab\"><\/use><\/svg><\/div><\/span><span class=\"stk-block-icon-list-item__text\"><strong>On a lead, for everyone's peace of mind:<\/strong> For your pet's safety and to respect everyone's rest, we ask you to keep it on a lead on the campsite premises.<\/span><\/div><\/li>\n\n\n\n<li class=\"wp-block-stackable-icon-list-item stk-block-icon-list-item stk-block stk-d36418c\" data-block-id=\"d36418c\"><style>.stk-d36418c .stk-block-icon-list-item__text{font-size:1rem !important;}@media screen and (max-width: 1023px){.stk-d36418c .stk-block-icon-list-item__text{font-size:1rem !important;}}<\/style><div class=\"stk-block-icon-list-item__content\"><span class=\"stk--svg-wrapper\"><div class=\"stk--inner-svg\"><svg aria-hidden=\"true\" width=\"32\" height=\"32\"><use xlink:href=\"#stk-icon-list__icon-svg-def-2e8bbab\"><\/use><\/svg><\/div><\/span><span class=\"stk-block-icon-list-item__text\"><strong>Cleanliness, a simple gesture :<\/strong> Please always pick up after your pet. It's a small gesture to keep the environment pleasant for everyone! Clean-up bags are available from reception if you need them.<\/span><\/div><\/li>\n\n\n\n<li class=\"wp-block-stackable-icon-list-item stk-block-icon-list-item stk-block stk-875c447\" data-block-id=\"875c447\"><style>.stk-875c447 .stk-block-icon-list-item__text{font-size:1rem !important;}@media screen and (max-width: 1023px){.stk-875c447 .stk-block-icon-list-item__text{font-size:1rem !important;}}<\/style><div class=\"stk-block-icon-list-item__content\"><span class=\"stk--svg-wrapper\"><div class=\"stk--inner-svg\"><svg aria-hidden=\"true\" width=\"32\" height=\"32\"><use xlink:href=\"#stk-icon-list__icon-svg-def-2e8bbab\"><\/use><\/svg><\/div><\/span><span class=\"stk-block-icon-list-item__text\"><strong>An up-to-date health record:<\/strong> For the sake of your pet's health and that of others, we ask you to show us your pet's vaccination certificate on arrival.<\/span><\/div><\/li>\n\n\n\n<li class=\"wp-block-stackable-icon-list-item stk-block-icon-list-item stk-block stk-821db21\" data-block-id=\"821db21\"><style>.stk-821db21 .stk-block-icon-list-item__text{font-size:1rem !important;}@media screen and (max-width: 1023px){.stk-821db21 .stk-block-icon-list-item__text{font-size:1rem !important;}}<\/style><div class=\"stk-block-icon-list-item__content\"><span class=\"stk--svg-wrapper\"><div class=\"stk--inner-svg\"><svg aria-hidden=\"true\" width=\"32\" height=\"32\"><use xlink:href=\"#stk-icon-list__icon-svg-def-2e8bbab\"><\/use><\/svg><\/div><\/span><span class=\"stk-block-icon-list-item__text\"><strong>Don't leave your companion alone: <\/strong>To avoid any stress or unwanted barking, please do not leave your pet alone on your pitch when you are away from the campsite.<\/span><\/div><\/li>\n\n\n\n<li class=\"wp-block-stackable-icon-list-item stk-block-icon-list-item stk-block stk-f1ab10e\" data-block-id=\"f1ab10e\"><style>.stk-f1ab10e .stk-block-icon-list-item__text{font-size:1rem !important;}@media screen and (max-width: 1023px){.stk-f1ab10e .stk-block-icon-list-item__text{font-size:1rem !important;}}<\/style><div class=\"stk-block-icon-list-item__content\"><span class=\"stk--svg-wrapper\"><div class=\"stk--inner-svg\"><svg aria-hidden=\"true\" width=\"32\" height=\"32\"><use xlink:href=\"#stk-icon-list__icon-svg-def-2e8bbab\"><\/use><\/svg><\/div><\/span><span class=\"stk-block-icon-list-item__text\"><strong>Zones reserved for humans:<\/strong> In the interests of hygiene, our animal friends are not allowed in the toilets or the children's play area.<\/span><\/div><\/li>\n<\/ul><\/div>\n\n\n\n<div class=\"wp-block-stackable-text stk-block-text stk-block stk-3f106f9\" data-block-id=\"3f106f9\"><style>.stk-3f106f9 {margin-bottom:0px !important;}.stk-3f106f9 .stk-block-text__text{font-size:1rem !important;}@media screen and (max-width: 1023px){.stk-3f106f9 .stk-block-text__text{font-size:1rem !important;}}<\/style><p class=\"stk-block-text__text translation-block\">We look forward to welcoming you and your faithful friend for an unforgettable holiday at Camping Le Jaunay, just a stone's throw from the <a href=\"https:\/\/www.camping-du-jaunay.com\/en\/cote-nature-decouverte\/beaches-camping-vendee\/\" data-type=\"page\" data-id=\"616\" target=\"_self\">magnificent Vend\u00e9e beaches<\/a>!<\/p><\/div>\n<\/div><\/div><\/div>\n\n\n\n<div class=\"wp-block-stackable-column stk-block-column stk-column stk-block stk-8d008e1\" data-v=\"4\" data-block-id=\"8d008e1\"><div class=\"stk-column-wrapper stk-block-column__content stk-container stk-8d008e1-container stk--no-background stk--no-padding\"><div class=\"stk-block-content stk-inner-blocks stk-8d008e1-inner-blocks\">\n<div class=\"wp-block-stackable-columns stk-block-columns stk-block stk-f6f2f76\" data-block-id=\"f6f2f76\"><div class=\"stk-row stk-inner-blocks stk-block-content stk-content-align stk-f6f2f76-column\">\n<div class=\"wp-block-stackable-column stk-block-column stk-column stk-block stk-69d8007\" data-v=\"4\" data-block-id=\"69d8007\"><div class=\"stk-column-wrapper stk-block-column__content stk-container stk-69d8007-container stk--no-background stk--no-padding\"><div class=\"stk-block-content stk-inner-blocks stk-69d8007-inner-blocks\">\n<div class=\"wp-block-stackable-image stk-block-image stk-block stk-22d549d\" data-block-id=\"22d549d\"><style>.stk-22d549d {box-shadow:2px 2px 7px 0px #00000094 !important;margin-top:-85px !important;}.stk-22d549d .stk-img-wrapper{width:100% !important;height:650px !important;}@media screen and (max-width: 767px){.stk-22d549d {margin-top:0px !important;}.stk-22d549d .stk-img-wrapper{height:250px !important;}}<\/style><figure><span class=\"stk-img-wrapper stk-image--shape-stretch\"><img loading=\"lazy\" decoding=\"async\" class=\"stk-img wp-image-961\" src=\"https:\/\/www.camping-du-jaunay.com\/wp-content\/uploads\/2025\/06\/foret_domaniale_la_tranche_sur_mer_09.jpg\" width=\"667\" height=\"1000\" alt=\"animals accepted camping\" srcset=\"https:\/\/www.camping-du-jaunay.com\/wp-content\/uploads\/2025\/06\/foret_domaniale_la_tranche_sur_mer_09.jpg 667w, https:\/\/www.camping-du-jaunay.com\/wp-content\/uploads\/2025\/06\/foret_domaniale_la_tranche_sur_mer_09-200x300.jpg 200w, https:\/\/www.camping-du-jaunay.com\/wp-content\/uploads\/2025\/06\/foret_domaniale_la_tranche_sur_mer_09-500x750.jpg 500w\" sizes=\"auto, (max-width: 667px) 100vw, 667px\" \/><\/span><\/figure><\/div>\n<\/div><\/div><\/div>\n<\/div><\/div>\n<\/div><\/div><\/div>\n<\/div><\/div>","protected":false},"excerpt":{"rendered":"<p>Parce que des vacances r\u00e9ussies se vivent avec toute la famille, et que votre fid\u00e8le compagnon en fait partie int\u00e9grante, vos animaux sont chaleureusement accueillis au Camping Le Jaunay ! Nous savons \u00e0 quel point le bien-\u00eatre de votre chien ou de votre chat est important pour vous, et c&rsquo;est avec plaisir que nous les [&hellip;]<\/p>\n","protected":false},"author":1,"featured_media":760,"parent":0,"menu_order":0,"comment_status":"closed","ping_status":"closed","template":"","meta":{"_acf_changed":false,"_seopress_robots_primary_cat":"","_seopress_titles_title":"","_seopress_titles_desc":"","_seopress_robots_index":"","_vp_format_video_url":"","_vp_image_focal_point":[],"footnotes":""},"class_list":["post-958","page","type-page","status-publish","has-post-thumbnail","hentry"],"acf":[],"_links":{"self":[{"href":"https:\/\/www.camping-du-jaunay.com\/en\/wp-json\/wp\/v2\/pages\/958","targetHints":{"allow":["GET"]}}],"collection":[{"href":"https:\/\/www.camping-du-jaunay.com\/en\/wp-json\/wp\/v2\/pages"}],"about":[{"href":"https:\/\/www.camping-du-jaunay.com\/en\/wp-json\/wp\/v2\/types\/page"}],"author":[{"embeddable":true,"href":"https:\/\/www.camping-du-jaunay.com\/en\/wp-json\/wp\/v2\/users\/1"}],"replies":[{"embeddable":true,"href":"https:\/\/www.camping-du-jaunay.com\/en\/wp-json\/wp\/v2\/comments?post=958"}],"version-history":[{"count":3,"href":"https:\/\/www.camping-du-jaunay.com\/en\/wp-json\/wp\/v2\/pages\/958\/revisions"}],"predecessor-version":[{"id":1027,"href":"https:\/\/www.camping-du-jaunay.com\/en\/wp-json\/wp\/v2\/pages\/958\/revisions\/1027"}],"wp:featuredmedia":[{"embeddable":true,"href":"https:\/\/www.camping-du-jaunay.com\/en\/wp-json\/wp\/v2\/media\/760"}],"wp:attachment":[{"href":"https:\/\/www.camping-du-jaunay.com\/en\/wp-json\/wp\/v2\/media?parent=958"}],"curies":[{"name":"wp","href":"https:\/\/api.w.org\/{rel}","templated":true}]}}